{"id":754,"date":"2025-04-02T10:41:02","date_gmt":"2025-04-02T08:41:02","guid":{"rendered":"https:\/\/cebra-bramsche.hmf-software.de\/impressum\/"},"modified":"2025-04-05T08:52:59","modified_gmt":"2025-04-05T06:52:59","slug":"legal-notice","status":"publish","type":"page","link":"https:\/\/cebra-bramsche.de\/en\/legal-notice\/","title":{"rendered":"Legal Notice"},"content":{"rendered":"\t\t<div data-elementor-type=\"wp-page\" data-elementor-id=\"754\" class=\"elementor elementor-754 elementor-717\" data-elementor-post-type=\"page\">\n\t\t\t\t<div class=\"elementor-element elementor-element-d5cfde3 e-flex e-con-boxed e-con e-parent\" data-id=\"d5cfde3\" data-element_type=\"container\" data-e-type=\"container\" data-settings=\"{&quot;background_background&quot;:&quot;classic&quot;,&quot;background_motion_fx_motion_fx_scrolling&quot;:&quot;yes&quot;,&quot;background_motion_fx_translateY_effect&quot;:&quot;yes&quot;,&quot;background_motion_fx_translateY_speed&quot;:{&quot;unit&quot;:&quot;px&quot;,&quot;size&quot;:4,&quot;sizes&quot;:[]},&quot;background_motion_fx_translateY_affectedRange&quot;:{&quot;unit&quot;:&quot;%&quot;,&quot;size&quot;:&quot;&quot;,&quot;sizes&quot;:{&quot;start&quot;:0,&quot;end&quot;:100}},&quot;background_motion_fx_devices&quot;:[&quot;desktop&quot;,&quot;tablet&quot;,&quot;mobile&quot;]}\">\n\t\t\t\t\t<div class=\"e-con-inner\">\n\t\t\t\t<div class=\"elementor-element elementor-element-c3c0c38 elementor-widget elementor-widget-image\" data-id=\"c3c0c38\" data-element_type=\"widget\" data-e-type=\"widget\" data-widget_type=\"image.default\">\n\t\t\t\t<div class=\"elementor-widget-container\">\n\t\t\t\t\t\t\t\t\t\t\t\t\t\t\t<img fetchpriority=\"high\" decoding=\"async\" width=\"368\" height=\"164\" src=\"https:\/\/cebra-bramsche.de\/wp-content\/uploads\/2025\/02\/Logo_Wortmarke.svg\" class=\"attachment-large size-large wp-image-65\" alt=\"\" \/>\t\t\t\t\t\t\t\t\t\t\t\t\t\t\t<\/div>\n\t\t\t\t<\/div>\n\t\t\t\t<div class=\"elementor-element elementor-element-32b3f1bc elementor-invisible elementor-widget elementor-widget-heading\" data-id=\"32b3f1bc\" data-element_type=\"widget\" data-e-type=\"widget\" data-settings=\"{&quot;_animation&quot;:&quot;fadeIn&quot;}\" data-widget_type=\"heading.default\">\n\t\t\t\t<div class=\"elementor-widget-container\">\n\t\t\t\t\t<h5 class=\"elementor-heading-title elementor-size-default\">Specifically developed for you<\/h5>\t\t\t\t<\/div>\n\t\t\t\t<\/div>\n\t\t\t\t\t<\/div>\n\t\t\t\t<\/div>\n\t\t<div class=\"elementor-element elementor-element-76b52626 e-flex e-con-boxed e-con e-parent\" data-id=\"76b52626\" data-element_type=\"container\" data-e-type=\"container\" data-settings=\"{&quot;background_background&quot;:&quot;classic&quot;}\">\n\t\t\t\t\t<div class=\"e-con-inner\">\n\t\t\t\t<div class=\"elementor-element elementor-element-4fa4a666 elementor-widget elementor-widget-heading\" data-id=\"4fa4a666\" data-element_type=\"widget\" data-e-type=\"widget\" data-widget_type=\"heading.default\">\n\t\t\t\t<div class=\"elementor-widget-container\">\n\t\t\t\t\t<h2 class=\"elementor-heading-title elementor-size-default\">Site Notice<\/h2>\t\t\t\t<\/div>\n\t\t\t\t<\/div>\n\t\t\t\t<div class=\"elementor-element elementor-element-3e691c69 elementor-widget elementor-widget-text-editor\" data-id=\"3e691c69\" data-element_type=\"widget\" data-e-type=\"widget\" data-widget_type=\"text-editor.default\">\n\t\t\t\t<div class=\"elementor-widget-container\">\n\t\t\t\t\t\t\t\t\t<p>Cebra Chemie GmbH<br \/>Alte Engterstr.9<br \/>49565 Bramsche<\/p><p>Commercial Register: HRB 20004<br \/>Registration court: Osnabr\u00fcck<\/p><p><strong>Represented by:<\/strong><br \/>Claudia Walker<br \/>Christian Celik<\/p><h4>Contact<\/h4><p>Phone: +49 (0) 5461 2045<br \/>Telefax: +49 (0) 5461 62325<br \/>E-mail: <a href=\"mailto:info@cebra-bramsche.de\">info@cebra-bramsche.de<\/a><\/p><h4>VAT ID<\/h4><p>Sales tax identification number according to Sect. 27 a of the Sales Tax Law:<br \/>DE 117 702 092<\/p><h4>EU dispute resolution<\/h4><p>The European Commission provides a platform for online dispute resolution (ODR): <a href=\"https:\/\/ec.europa.eu\/consumers\/odr\/\" target=\"_blank\" rel=\"noopener noreferrer\">https:\/\/ec.europa.eu\/consumers\/odr\/<\/a>.<br \/>Our e-mail address can be found above in the site notice.<\/p><h4>Dispute resolution proceedings in front of a consumer arbitration board<\/h4><p>We are not willing or obliged to participate in dispute resolution proceedings in front of a consumer arbitration board.<\/p><h4>Design<\/h4><p>Esther K. Dinter |\u00a0<a href=\"https:\/\/dinter.design\/\" target=\"_blank\" rel=\"noopener\">dinter.design<\/a><\/p><h4>Programming, web hosting and system maintenance<\/h4><p>Horst M\u00fcller-Fu\u00dfh\u00f6ller |\u00a0<a href=\"https:\/\/www.hmf-it.de\/\" target=\"_blank\" rel=\"noopener\">hmf-it.de<\/a><\/p><h4>Photo\/Portrait<\/h4><p>\u00a0Fiete Breer<\/p><p>\u00a0<\/p>\t\t\t\t\t\t\t\t<\/div>\n\t\t\t\t<\/div>\n\t\t\t\t\t<\/div>\n\t\t\t\t<\/div>\n\t\t\t\t<\/div>\n\t\t","protected":false},"excerpt":{"rendered":"<p>Specifically developed for you Site Notice Cebra Chemie GmbHAlte Engterstr.949565 Bramsche Commercial Register: HRB 20004Registration court: Osnabr\u00fcck Represented by:Claudia WalkerChristian Celik Contact Phone: +49 (0) 5461 2045Telefax: +49 (0) 5461 62325E-mail: info@cebra-bramsche.de VAT ID Sales tax identification number according to Sect. 27 a of the Sales Tax Law:DE 117 702 092 EU dispute resolution The [&hellip;]<\/p>\n","protected":false},"author":1,"featured_media":0,"parent":0,"menu_order":0,"comment_status":"closed","ping_status":"closed","template":"elementor_header_footer","meta":{"footnotes":""},"class_list":["post-754","page","type-page","status-publish","hentry"],"_links":{"self":[{"href":"https:\/\/cebra-bramsche.de\/en\/wp-json\/wp\/v2\/pages\/754","targetHints":{"allow":["GET"]}}],"collection":[{"href":"https:\/\/cebra-bramsche.de\/en\/wp-json\/wp\/v2\/pages"}],"about":[{"href":"https:\/\/cebra-bramsche.de\/en\/wp-json\/wp\/v2\/types\/page"}],"author":[{"embeddable":true,"href":"https:\/\/cebra-bramsche.de\/en\/wp-json\/wp\/v2\/users\/1"}],"replies":[{"embeddable":true,"href":"https:\/\/cebra-bramsche.de\/en\/wp-json\/wp\/v2\/comments?post=754"}],"version-history":[{"count":5,"href":"https:\/\/cebra-bramsche.de\/en\/wp-json\/wp\/v2\/pages\/754\/revisions"}],"predecessor-version":[{"id":909,"href":"https:\/\/cebra-bramsche.de\/en\/wp-json\/wp\/v2\/pages\/754\/revisions\/909"}],"wp:attachment":[{"href":"https:\/\/cebra-bramsche.de\/en\/wp-json\/wp\/v2\/media?parent=754"}],"curies":[{"name":"wp","href":"https:\/\/api.w.org\/{rel}","templated":true}]}}